{"id":3145,"date":"2021-02-24T11:47:12","date_gmt":"2021-02-24T10:47:12","guid":{"rendered":"http:\/\/merkson.eu\/koszyk\/"},"modified":"2021-08-04T12:27:45","modified_gmt":"2021-08-04T10:27:45","slug":"warenkorb","status":"publish","type":"page","link":"https:\/\/merkson.eu\/de\/warenkorb\/","title":{"rendered":"Warenkorb"},"content":{"rendered":"<div id=\"pl-3145\"  class=\"panel-layout\" ><div id=\"pg-3145-0\"  class=\"panel-grid panel-has-style\" ><div class=\"background_repeat panel-row-style panel-row-style-for-3145-0\" ><div id=\"pgc-3145-0-0\"  class=\"panel-grid-cell\" ><div id=\"panel-3145-0-0-0\" class=\"so-panel widget widget_coala-basket panel-first-child\" data-index=\"0\" ><div class=\"so-widget-coala-basket so-widget-coala-basket-default-d75171398898-3145\">\n<section class=\"widget_coala-basket page-content \">\n\t<!--  widget: widget_coala-basket-->\n\n\t<div class=\"container\">\n\t\t<div class=\"row heading-row\">\n\t\t\t<div class=\"col-12 col-xl-6 offset-xl-2\">\n\t\t\t\t<h1>Warenkorb einer Angebotsanfrage<\/h1>\n\t\t\t\t<div class=\"description\">\n\t\t\t\t\t<p>\u00dcber den Warenkorb k\u00f6nnen Sie eine Anfrage senden und ein Angebot f\u00fcr einen bestimmten Werkzeugkastentyp anfordern.<\/p>\n\t\t\t\t<\/div>\n\t\t\t<\/div>\n\t\t<\/div>\n\t\t\t\t\t\t\t<section class=\"basket-empty-section\">\n\t\t\t\t\t\t\t<div class=\"row justify-content-center\">\n\t\t\t\t\t\t\t\t<div class=\"col-12 col-xl-8\">\n\t\t\t\t\t\t\t\t\t<h3 class=\"basket-empty-heading\">\n\t\t\t\t\t\t\t\t\t\t<svg id=\"info-24px\" xmlns=\"http:\/\/www.w3.org\/2000\/svg\" width=\"24\" height=\"24\" viewBox=\"0 0 24 24\">\n\t\t\t\t\t\t\t\t\t\t\t<path id=\"Path_127\" data-name=\"Path 127\" d=\"M0,0H24V24H0Z\" fill=\"none\"\/>\n\t\t\t\t\t\t\t\t\t\t\t<path id=\"Path_128\" data-name=\"Path 128\"\n\t\t\t\t\t\t\t\t\t\t\t      d=\"M12,2A10,10,0,1,0,22,12,10,10,0,0,0,12,2Zm1,15H11V11h2Zm0-8H11V7h2Z\" fill=\"#f5d300\"\/>\n\t\t\t\t\t\t\t\t\t\t<\/svg>\n\t\t\t\t\t\t\t\t\t\tKeine Artikel im Warenkorb\t\t\t\t\t\t\t\t\t<\/h3>\n\t\t\t\t\t\t\t\t<\/div>\n\t\t\t\t\t\t\t<\/div>\n\t\t\t\t\t\t<\/section>\n\t\t\t\t\t\n\n\t\t\t\t<div class=\"row heading-row\">\n\t\t\t\t\t<div class=\"col-12 col-xl-6 offset-xl-2\">\n\t\t\t\t\t\t<h2>Nehmen Sie bitte Kontakt  mit  unserer Verkaufsabteilung auf!<\/h2>\n\t\t\t\t\t\t<div class=\"description\">\n\t\t\t\t\t\t\t<p><span class=\"VIiyi\" lang=\"de\"><span class=\"JLqJ4b ChMk0b\" data-language-for-alternatives=\"de\" data-language-to-translate-into=\"en\" data-phrase-index=\"0\">Ihre Anfrage geht direkt an unseren Vertrieb, der Ihnen ein Angebot f\u00fcr das von Ihnen gew\u00fcnschte Sortiment unterbreitet.<\/span><\/span><\/p>\n\t\t\t\t\t\t<\/div>\n\t\t\t\t\t<\/div>\n\t\t\t\t<\/div>\n\t\t\t\t<div class=\"row justify-content-center form-row\" data-name=\"Warenkorb\" data-count=\"\" data-variant=\"\">\n\t\t\t\t\t<div class=\"col-12 col-xl-8\">\n\t\t\t\t\t\t\n<div class=\"wpcf7 no-js\" id=\"wpcf7-f3810-o1\" lang=\"pl-PL\" dir=\"ltr\">\n<div class=\"screen-reader-response\"><p role=\"status\" aria-live=\"polite\" aria-atomic=\"true\"><\/p> <ul><\/ul><\/div>\n<form action=\"\/de\/wp-json\/wp\/v2\/pages\/3145#wpcf7-f3810-o1\" method=\"post\" class=\"wpcf7-form init\" aria-label=\"Formularz kontaktowy\" novalidate=\"novalidate\" data-status=\"init\">\n<div style=\"display: none;\">\n<input type=\"hidden\" name=\"_wpcf7\" value=\"3810\" \/>\n<input type=\"hidden\" name=\"_wpcf7_version\" value=\"5.9.3\" \/>\n<input type=\"hidden\" name=\"_wpcf7_locale\" value=\"pl_PL\" \/>\n<input type=\"hidden\" name=\"_wpcf7_unit_tag\" value=\"wpcf7-f3810-o1\" \/>\n<input type=\"hidden\" name=\"_wpcf7_container_post\" value=\"0\" \/>\n<input type=\"hidden\" name=\"_wpcf7_posted_data_hash\" value=\"\" \/>\n<\/div>\n<div class=\"textarea-inactive\"><label><span class=\"input-label\">Products in cart<\/span><span class=\"wpcf7-form-control-wrap\" data-name=\"basket-elements\"><textarea cols=\"40\" rows=\"10\" class=\"wpcf7-form-control wpcf7-textarea\" aria-invalid=\"false\" name=\"basket-elements\"><\/textarea><\/span><\/label><\/div>\n<div class=\"row justify-content-between\">\n        <div class=\"col-12 col-md-6 left-column\">\n          <div class=\"form-cell\"><label><span class=\"input-label\">Name und Vorname*<\/span><span class=\"wpcf7-form-control-wrap\" data-name=\"your-name\"><input size=\"40\" class=\"wpcf7-form-control wpcf7-text wpcf7-validates-as-required\" aria-required=\"true\" aria-invalid=\"false\" value=\"\" type=\"text\" name=\"your-name\" \/><\/span><\/label><\/div>\n          <div class=\"form-cell\"><label><span class=\"input-label\">Telefonnummer<\/span><span class=\"wpcf7-form-control-wrap\" data-name=\"your-phone\"><input size=\"40\" class=\"wpcf7-form-control wpcf7-tel wpcf7-text wpcf7-validates-as-tel\" aria-invalid=\"false\" value=\"\" type=\"tel\" name=\"your-phone\" \/><\/span><\/label><\/div>\n          <div class=\"form-cell\"><label><span class=\"input-label\">Email*<\/span><span class=\"wpcf7-form-control-wrap\" data-name=\"your-email\"><input size=\"40\" class=\"wpcf7-form-control wpcf7-email wpcf7-validates-as-required wpcf7-text wpcf7-validates-as-email\" aria-required=\"true\" aria-invalid=\"false\" value=\"\" type=\"email\" name=\"your-email\" \/><\/span><\/label><\/div>\n          <div class=\"form-cell\"><label><span class=\"input-label\">Bezeichnung der Firma<\/span><span class=\"wpcf7-form-control-wrap\" data-name=\"your-company\"><input size=\"40\" class=\"wpcf7-form-control wpcf7-text\" aria-invalid=\"false\" value=\"\" type=\"text\" name=\"your-company\" \/><\/span><\/label><\/div>\n        <\/div>\n        <div class=\"col-12 col-md-6 right-column\"><div class=\"form-cell\"><label><span class=\"input-label\">Nachrichteninhalt<\/span><span class=\"wpcf7-form-control-wrap\" data-name=\"your-message\"><textarea cols=\"40\" rows=\"10\" class=\"wpcf7-form-control wpcf7-textarea\" aria-invalid=\"false\" name=\"your-message\"><\/textarea><\/span><\/label><\/div><\/div>\n        <div class=\"col-12 col-md-6 col-lg-7 acceptance-column\">\n          <div><span class=\"wpcf7-form-control-wrap\" data-name=\"acceptance-434\"><span class=\"wpcf7-form-control wpcf7-acceptance\"><span class=\"wpcf7-list-item\"><label><input type=\"checkbox\" name=\"acceptance-434\" value=\"1\" aria-invalid=\"false\" \/><span class=\"wpcf7-list-item-label\">Ich stimme der Verarbeitung meiner personenbezogenen Daten, einschlie\u00dflich meiner im Formular angegebenen E-Mail-Adresse durch Merkson Sp. z o.o. 27-200 Starachowice, Sk\u0142adowa 35A (im Folgenden als \u201eVerwalter der personenbezogenen Daten\u201c bezeichnet) f\u00fcr Marketingzwecke zu.<\/span><\/label><\/span><\/span><\/span><\/div>\n        <\/div>\n        <div class=\"col-12 col-md-6 col-lg-5 submit-column\">\n          <div><button type=\"submit\" class=\"wpcf7-form-control wpcf7-submit btn-custom\"><span>Eine Nachricht schicken<\/span><\/button><\/div>\n        <\/div>\n                <div class=\"col-12 captcha-info\">This site is protected by reCAPTCHA and the Google <a href=\"https:\/\/policies.google.com\/privacy\">Privacy Policy<\/a> and <a href=\"https:\/\/policies.google.com\/terms\">Terms of Service<\/a> apply.<\/div>\n      <\/div><div class=\"wpcf7-response-output\" aria-hidden=\"true\"><\/div>\n<\/form>\n<\/div>\n\t\t\t\t\t<\/div>\n\t\t\t\t<\/div>\n\t\t\t\t<section class=\"basket-empty-section basket-empty\">\n\t\t\t\t\t<div class=\"row justify-content-center\">\n\t\t\t\t\t\t<div class=\"col-12 col-xl-8\">\n\t\t\t\t\t\t\t<h3 class=\"basket-empty-heading\">\n\t\t\t\t\t\t\t\t<svg id=\"info-24px\" xmlns=\"http:\/\/www.w3.org\/2000\/svg\" width=\"24\" height=\"24\" viewBox=\"0 0 24 24\">\n\t\t\t\t\t\t\t\t\t<path id=\"Path_127\" data-name=\"Path 127\" d=\"M0,0H24V24H0Z\" fill=\"none\"\/>\n\t\t\t\t\t\t\t\t\t<path id=\"Path_128\" data-name=\"Path 128\"\n\t\t\t\t\t\t\t\t\t      d=\"M12,2A10,10,0,1,0,22,12,10,10,0,0,0,12,2Zm1,15H11V11h2Zm0-8H11V7h2Z\" fill=\"#f5d300\"\/>\n\t\t\t\t\t\t\t\t<\/svg>\n\t\t\t\t\t\t\t\tKeine Artikel im Warenkorb\t\t\t\t\t\t\t<\/h3>\n\t\t\t\t\t\t<\/div>\n\t\t\t\t\t<\/div>\n\t\t\t\t<\/section>\n\n\n\n\t\t<!--\t\t\t<div class=\"basket-not-empty\">-->\n<!--\t\t\t\t<div class=\"row justify-content-center basket-elements-row\">-->\n<!--\t\t\t\t\t<div class=\"col-12 col-xl-8\">-->\n<!--\t\t\t\t\t\t--><!--\t\t\t\t\t\t\t<div class=\"element\" data-id=\"--><!--\">-->\n<!--\t\t\t\t\t\t\t\t--><!--\t\t\t\t\t\t\t\t<div class=\"info\">-->\n<!--\t\t\t\t\t\t\t\t\t<h3><a href=\"--><!--\">--><!--<\/a><\/h3>-->\n<!--\t\t\t\t\t\t\t\t\t<div class=\"info-bottom\">-->\n<!--\t\t\t\t\t\t\t\t\t\t--><!--\t\t\t\t\t\t\t\t\t\t<div class=\"info-elements\">-->\n<!--\t\t\t\t\t\t\t\t\t\t\t--><!--\t\t\t\t\t\t\t\t\t\t\t\t<div class=\"info-element\" data-variant=\"--><!--\">-->\n<!--\t\t\t\t\t\t\t\t\t\t\t\t\t<div class=\"info-variant\">--><!--<\/div>-->\n<!--\t\t\t\t\t\t\t\t\t\t\t\t\t<div class=\"info-count\">--><!--: <span>--><!--<\/span><\/div>-->\n<!--\t\t\t\t\t\t\t\t\t\t\t\t\t--><!--\t\t\t\t\t\t\t\t\t\t\t\t\t\t<div class=\"remove-variant\" data-variant=\"--><!--\">-->\n<!--\t\t\t\t\t\t\t\t\t\t\t\t\t\t\t<svg xmlns=\"http:\/\/www.w3.org\/2000\/svg\" width=\"26\" height=\"26\" viewBox=\"0 0 26 26\">-->\n<!--\t\t\t\t\t\t\t\t\t\t\t\t\t\t\t\t<circle id=\"Ellipse_47\" data-name=\"Ellipse 47\" cx=\"13\" cy=\"13\" r=\"13\" fill=\"#d5d8e5\"\/>-->\n<!--\t\t\t\t\t\t\t\t\t\t\t\t\t\t\t\t<rect id=\"Rectangle_400\" data-name=\"Rectangle 400\" width=\"2\" height=\"11\"-->\n<!--\t\t\t\t\t\t\t\t\t\t\t\t\t\t\t\t      transform=\"translate(18.5 12.5) rotate(90)\" fill=\"#070917\"\/>-->\n<!--\t\t\t\t\t\t\t\t\t\t\t\t\t\t\t<\/svg>-->\n<!--\t\t\t\t\t\t\t\t\t\t\t\t\t\t\t<span>--><!--<\/span>-->\n<!--\t\t\t\t\t\t\t\t\t\t\t\t\t\t<\/div>-->\n<!--\t\t\t\t\t\t\t\t\t\t\t\t\t\t--><!--\t\t\t\t\t\t\t\t\t\t\t\t<\/div>-->\n<!--\t\t\t\t\t\t\t\t\t\t\t\t--><!--\t\t\t\t\t\t\t\t\t\t<\/div>-->\n<!---->\n<!--\t\t\t\t\t\t\t\t\t<\/div>-->\n<!---->\n<!--\t\t\t\t\t\t\t\t<\/div>-->\n<!--\t\t\t\t\t\t\t\t<div class=\"remove-from-basket\" data-remove=\"--><!--\">-->\n<!--\t\t\t\t\t\t\t\t\t--><!--\t\t\t\t\t\t\t\t\t<svg xmlns=\"http:\/\/www.w3.org\/2000\/svg\" width=\"26\" height=\"26\" viewBox=\"0 0 26 26\">-->\n<!--\t\t\t\t\t\t\t\t\t\t<circle id=\"Ellipse_47\" data-name=\"Ellipse 47\" cx=\"13\" cy=\"13\" r=\"13\" fill=\"#d5d8e5\"\/>-->\n<!--\t\t\t\t\t\t\t\t\t\t<rect id=\"Rectangle_400\" data-name=\"Rectangle 400\" width=\"2\" height=\"11\"-->\n<!--\t\t\t\t\t\t\t\t\t\t      transform=\"translate(18.5 12.5) rotate(90)\" fill=\"#070917\"\/>-->\n<!--\t\t\t\t\t\t\t\t\t<\/svg>-->\n<!--\t\t\t\t\t\t\t\t<\/div>-->\n<!--\t\t\t\t\t\t\t<\/div>-->\n<!--\t\t\t\t\t\t\t--><!--\t\t\t\t\t<\/div>-->\n<!--\t\t\t\t<\/div>-->\n<!--\t\t\t\t<div class=\"row heading-row\">-->\n<!--\t\t\t\t\t<div class=\"col-12 col-xl-6 offset-xl-2\">-->\n<!--\t\t\t\t\t\t<h2>--><!--<\/h2>-->\n<!--\t\t\t\t\t\t<div class=\"description\">-->\n<!--\t\t\t\t\t\t\t--><!--\t\t\t\t\t\t<\/div>-->\n<!--\t\t\t\t\t<\/div>-->\n<!--\t\t\t\t<\/div>-->\n<!--\t\t\t\t<div class=\"row justify-content-center form-row\">-->\n<!--\t\t\t\t\t<div class=\"col-12 col-xl-8\">-->\n<!--\t\t\t\t\t\t--><!--\t\t\t\t\t<\/div>-->\n<!--\t\t\t\t<\/div>-->\n<!--\t\t\t<\/div>-->\n<!--\t\t\t<section class=\"basket-empty-section basket-empty\">-->\n<!--\t\t\t\t<div class=\"row justify-content-center\">-->\n<!--\t\t\t\t\t<div class=\"col-12 col-xl-8\">-->\n<!--\t\t\t\t\t\t<h3 class=\"basket-empty-heading\">-->\n<!--\t\t\t\t\t\t\t<svg id=\"info-24px\" xmlns=\"http:\/\/www.w3.org\/2000\/svg\" width=\"24\" height=\"24\" viewBox=\"0 0 24 24\">-->\n<!--\t\t\t\t\t\t\t\t<path id=\"Path_127\" data-name=\"Path 127\" d=\"M0,0H24V24H0Z\" fill=\"none\"\/>-->\n<!--\t\t\t\t\t\t\t\t<path id=\"Path_128\" data-name=\"Path 128\"-->\n<!--\t\t\t\t\t\t\t\t      d=\"M12,2A10,10,0,1,0,22,12,10,10,0,0,0,12,2Zm1,15H11V11h2Zm0-8H11V7h2Z\" fill=\"#f5d300\"\/>-->\n<!--\t\t\t\t\t\t\t<\/svg>-->\n<!--\t\t\t\t\t\t\t--><!--\t\t\t\t\t\t<\/h3>-->\n<!--\t\t\t\t\t<\/div>-->\n<!--\t\t\t\t<\/div>-->\n<!--\t\t\t<\/section>-->\n\n\t\t\t<!--\t\t\t<section class=\"basket-empty-section\">-->\n<!--\t\t\t\t<div class=\"row justify-content-center\">-->\n<!--\t\t\t\t\t<div class=\"col-12 col-xl-8\">-->\n<!--\t\t\t\t\t\t<h3 class=\"basket-empty-heading\">-->\n<!--\t\t\t\t\t\t\t<svg id=\"info-24px\" xmlns=\"http:\/\/www.w3.org\/2000\/svg\" width=\"24\" height=\"24\" viewBox=\"0 0 24 24\">-->\n<!--\t\t\t\t\t\t\t\t<path id=\"Path_127\" data-name=\"Path 127\" d=\"M0,0H24V24H0Z\" fill=\"none\"\/>-->\n<!--\t\t\t\t\t\t\t\t<path id=\"Path_128\" data-name=\"Path 128\"-->\n<!--\t\t\t\t\t\t\t\t      d=\"M12,2A10,10,0,1,0,22,12,10,10,0,0,0,12,2Zm1,15H11V11h2Zm0-8H11V7h2Z\" fill=\"#f5d300\"\/>-->\n<!--\t\t\t\t\t\t\t<\/svg>-->\n<!--\t\t\t\t\t\t\t--><!--\t\t\t\t\t\t<\/h3>-->\n<!--\t\t\t\t\t<\/div>-->\n<!--\t\t\t\t<\/div>-->\n<!--\t\t\t<\/section>-->\n<!---->\n<!---->\n<!--\t\t\t-->\t\t<section class=\"sent-results\">\n\t\t\t<div class=\"row justify-content-center\">\n\t\t\t\t<div class=\"col-12 col-xl-8\">\n\t\t\t\t\t<div class=\"sent-results-inner\">\n\t\t\t\t\t\t<h3>\n\t\t\t\t\t\t\t<svg xmlns=\"http:\/\/www.w3.org\/2000\/svg\" width=\"25\" height=\"19.792\" viewBox=\"0 0 25 19.792\">\n\t\t\t\t\t\t\t\t<path id=\"iconmonstr-check-mark-1\" d=\"M21.13,2,9.375,14.049,3.869,8.829,0,12.7l9.375,9.092L25,5.87Z\"\n\t\t\t\t\t\t\t\t      transform=\"translate(0 -2)\" fill=\"#202c76\"\/>\n\t\t\t\t\t\t\t<\/svg>\n\t\t\t\t\t\t\tWiadomo\u015b\u0107 zosta\u0142a wys\u0142ana!<br\/>\n\t\t\t\t\t\t\tSkontaktujemy si\u0119 z Pa\u0144stwem tak szybko jak to b\u0119dzie mo\u017cliwe\t\t\t\t\t\t<\/h3>\n\t\t\t\t\t\t<h4>Podsumowanie zam\u00f3wienia<\/h4>\n\t\t\t\t\t\t<div class=\"sent-results-list\"><\/div>\n\t\t\t\t\t\t<div class=\"user-data\">\n\t\t\t\t\t\t\t<div class=\"data-element\">\n\t\t\t\t\t\t\t\t<span>Imi\u0119 i nazwisko:<\/span>\n\t\t\t\t\t\t\t\t<p class=\"data-name\"><\/p>\n\t\t\t\t\t\t\t<\/div>\n\t\t\t\t\t\t\t<div class=\"data-element\">\n\t\t\t\t\t\t\t\t<span>Nazwa firmy:<\/span>\n\t\t\t\t\t\t\t\t<p class=\"data-company\"><\/p>\n\t\t\t\t\t\t\t<\/div>\n\t\t\t\t\t\t\t<div class=\"data-element\">\n\t\t\t\t\t\t\t\t<span>Numer telefonu:<\/span>\n\t\t\t\t\t\t\t\t<p class=\"data-phone\"><\/p>\n\t\t\t\t\t\t\t<\/div>\n\t\t\t\t\t\t\t<div class=\"data-element\">\n\t\t\t\t\t\t\t\t<span>Adres email:<\/span>\n\t\t\t\t\t\t\t\t<p class=\"data-email\"><\/p>\n\t\t\t\t\t\t\t<\/div>\n\t\t\t\t\t\t\t<div class=\"data-element\">\n\t\t\t\t\t\t\t\t<span>Tre\u015b\u0107 wiadomo\u015bci:<\/span>\n\t\t\t\t\t\t\t\t<p class=\"data-message\"><\/p>\n\t\t\t\t\t\t\t<\/div>\n\t\t\t\t\t\t<\/div>\n\n\t\t\t\t\t<\/div>\n\t\t\t\t<\/div>\n\t\t\t<\/div>\n\t\t<\/section>\n\n\t<\/div>\n\n<\/section>\n<\/div><\/div><div id=\"panel-3145-0-0-1\" class=\"so-panel widget widget_coala-single_cta panel-last-child\" data-index=\"1\" ><div class=\"so-widget-coala-single_cta so-widget-coala-single_cta-default-d75171398898-3145\">\n<section class=\"widget_coala-single_cta  \">\n  <!--  widget: widget_coala-single_cta ?>-->\n        <div class=\"background-image background-middle\">\n      <img loading=\"lazy\" decoding=\"async\" width=\"1920\" height=\"1280\" src=\"https:\/\/merkson.eu\/wp-content\/uploads\/2021\/05\/SKU07990.jpg\" class=\"attachment-image size-image\" alt=\"\" srcset=\"https:\/\/merkson.eu\/wp-content\/uploads\/2021\/05\/SKU07990.jpg 1920w, https:\/\/merkson.eu\/wp-content\/uploads\/2021\/05\/SKU07990-570x380.jpg 570w, https:\/\/merkson.eu\/wp-content\/uploads\/2021\/05\/SKU07990-1140x760.jpg 1140w, https:\/\/merkson.eu\/wp-content\/uploads\/2021\/05\/SKU07990-768x512.jpg 768w, https:\/\/merkson.eu\/wp-content\/uploads\/2021\/05\/SKU07990-1536x1024.jpg 1536w, https:\/\/merkson.eu\/wp-content\/uploads\/2021\/05\/SKU07990-1366x911.jpg 1366w, https:\/\/merkson.eu\/wp-content\/uploads\/2021\/05\/SKU07990-1024x683.jpg 1024w, https:\/\/merkson.eu\/wp-content\/uploads\/2021\/05\/SKU07990-400x267.jpg 400w, https:\/\/merkson.eu\/wp-content\/uploads\/2021\/05\/SKU07990-272x182.jpg 272w\" sizes=\"auto, (max-width: 1920px) 100vw, 1920px\" \/>    <\/div>\n    \t<div class=\"container\">\n\t\t<div class=\"row justify-content-center\">\n\t\t\t<div class=\"col-12 col-lg-10 col-xl-6\">\n\t\t\t\t<h2>Nehmen Sie bitte Kontakt  mit  unserer Verkaufsabteilung auf:<\/h2>\n\t\t\t\t<div class=\"row\">\n\t\t\t\t\t<div class=\"col-12 col-sm-6 element-outer\">\n\t\t\t\t\t\t\t<svg xmlns=\"http:\/\/www.w3.org\/2000\/svg\" width=\"9.861\" height=\"9.861\" viewBox=\"0 0 9.861 9.861\">\n\t  <path id=\"Path_37\" data-name=\"Path 37\" d=\"M4.983,7.267a8.3,8.3,0,0,0,3.61,3.61L9.8,9.672a.545.545,0,0,1,.559-.131,6.249,6.249,0,0,0,1.956.312.549.549,0,0,1,.548.548v1.912a.549.549,0,0,1-.548.548A9.312,9.312,0,0,1,3,3.548.549.549,0,0,1,3.548,3H5.465a.549.549,0,0,1,.548.548A6.223,6.223,0,0,0,6.325,5.5a.55.55,0,0,1-.137.559Z\" transform=\"translate(-3 -3)\" fill=\"#d5d8e5\"\/>\n\t<\/svg>\n\t\t\t\t\t\t\t<div class=\"element\">\n\t\t\t\t\t\t\t<p>tel: <a href=\"tel:+48 41 2760108\">+48 41 276-01-78<\/a><\/p>\n<p>fax: <a href=\"tel:+48 41 2760108\">+48 41 276-01-00<\/a><\/p>\n\t\t\t\t\t\t<\/div>\n\t\t\t\t\t<\/div>\n\t\t\t\t\t<div class=\"col-12 col-sm-6  element-outer\">\n\t\t\t\t\t\t\t<svg xmlns=\"http:\/\/www.w3.org\/2000\/svg\" width=\"10.732\" height=\"8.586\" viewBox=\"0 0 10.732 8.586\">\n\t  <path id=\"Path_39\" data-name=\"Path 39\" d=\"M11.659,4H3.073A1.072,1.072,0,0,0,2.005,5.073L2,11.513a1.076,1.076,0,0,0,1.073,1.073h8.586a1.076,1.076,0,0,0,1.073-1.073V5.073A1.076,1.076,0,0,0,11.659,4Zm0,2.146L7.366,8.83,3.073,6.146V5.073L7.366,7.756l4.293-2.683Z\" transform=\"translate(-2 -4)\" fill=\"#d5d8e5\"\/>\n\t<\/svg>\n\t\t\t\t\t\t\t<div class=\"element\">\n\t\t\t\t\t\t\t<a href=\"mailto:merbox@merkson.pl\">merbox@merkson.pl<\/a>\t\t\t\t\t\t<\/div>\n\t\t\t\t\t<\/div>\n\t\t\t\t<\/div>\n\t\t\t\t\t\t\t<\/div>\n\t\t<\/div>\n\t<\/div>\n\n\n  <\/section>\n<\/div><\/div><\/div><\/div><\/div><\/div>","protected":false},"excerpt":{"rendered":"<p>Warenkorb einer Angebotsanfrage \u00dcber den Warenkorb k\u00f6nnen Sie eine Anfrage senden und ein Angebot f\u00fcr einen bestimmten Werkzeugkastentyp anfordern. Keine Artikel im Warenkorb Nehmen Sie bitte Kontakt mit unserer Verkaufsabteilung auf! Ihre Anfrage geht direkt an unseren Vertrieb, der Ihnen ein Angebot f\u00fcr das von Ihnen gew\u00fcnschte Sortiment unterbreitet. Products in cart Name und Vorname*&hellip;<\/p>\n","protected":false},"author":1,"featured_media":0,"parent":0,"menu_order":191,"comment_status":"closed","ping_status":"closed","template":"","meta":{"footnotes":""},"class_list":["post-3145","page","type-page","status-publish","hentry"],"acf":[],"yoast_head":"<!-- This site is optimized with the Yoast SEO plugin v22.4 - https:\/\/yoast.com\/wordpress\/plugins\/seo\/ -->\n<title>Warenkorb | Merkson<\/title>\n<meta name=\"robots\" content=\"index, follow, max-snippet:-1, max-image-preview:large, max-video-preview:-1\" \/>\n<link rel=\"canonical\" href=\"https:\/\/merkson.eu\/de\/warenkorb\/\" \/>\n<meta property=\"og:locale\" content=\"de_DE\" \/>\n<meta property=\"og:type\" content=\"article\" \/>\n<meta property=\"og:title\" content=\"Warenkorb | Merkson\" \/>\n<meta property=\"og:description\" content=\"Warenkorb einer Angebotsanfrage \u00dcber den Warenkorb k\u00f6nnen Sie eine Anfrage senden und ein Angebot f\u00fcr einen bestimmten Werkzeugkastentyp anfordern. Keine Artikel im Warenkorb Nehmen Sie bitte Kontakt mit unserer Verkaufsabteilung auf! Ihre Anfrage geht direkt an unseren Vertrieb, der Ihnen ein Angebot f\u00fcr das von Ihnen gew\u00fcnschte Sortiment unterbreitet. Products in cart Name und Vorname*&hellip;\" \/>\n<meta property=\"og:url\" content=\"https:\/\/merkson.eu\/de\/warenkorb\/\" \/>\n<meta property=\"og:site_name\" content=\"Merkson\" \/>\n<meta property=\"article:publisher\" content=\"https:\/\/www.facebook.com\/eu.Merkson\/\" \/>\n<meta property=\"article:modified_time\" content=\"2021-08-04T10:27:45+00:00\" \/>\n<meta property=\"og:image\" content=\"https:\/\/merkson.eu\/wp-content\/uploads\/2021\/01\/transparent_1-1.png\" \/>\n\t<meta property=\"og:image:width\" content=\"350\" \/>\n\t<meta property=\"og:image:height\" content=\"183\" \/>\n\t<meta property=\"og:image:type\" content=\"image\/png\" \/>\n<meta name=\"twitter:card\" content=\"summary_large_image\" \/>\n<script type=\"application\/ld+json\" class=\"yoast-schema-graph\">{\"@context\":\"https:\/\/schema.org\",\"@graph\":[{\"@type\":\"WebPage\",\"@id\":\"https:\/\/merkson.eu\/de\/warenkorb\/\",\"url\":\"https:\/\/merkson.eu\/de\/warenkorb\/\",\"name\":\"Warenkorb | Merkson\",\"isPartOf\":{\"@id\":\"https:\/\/merkson.eu\/#website\"},\"datePublished\":\"2021-02-24T10:47:12+00:00\",\"dateModified\":\"2021-08-04T10:27:45+00:00\",\"breadcrumb\":{\"@id\":\"https:\/\/merkson.eu\/de\/warenkorb\/#breadcrumb\"},\"inLanguage\":\"de\",\"potentialAction\":[{\"@type\":\"ReadAction\",\"target\":[\"https:\/\/merkson.eu\/de\/warenkorb\/\"]}]},{\"@type\":\"BreadcrumbList\",\"@id\":\"https:\/\/merkson.eu\/de\/warenkorb\/#breadcrumb\",\"itemListElement\":[{\"@type\":\"ListItem\",\"position\":1,\"name\":\"Strona g\u0142\u00f3wna\",\"item\":\"https:\/\/merkson.eu\/de\/\"},{\"@type\":\"ListItem\",\"position\":2,\"name\":\"Warenkorb\"}]},{\"@type\":\"WebSite\",\"@id\":\"https:\/\/merkson.eu\/#website\",\"url\":\"https:\/\/merkson.eu\/\",\"name\":\"Merkson\",\"description\":\"\",\"publisher\":{\"@id\":\"https:\/\/merkson.eu\/#organization\"},\"potentialAction\":[{\"@type\":\"SearchAction\",\"target\":{\"@type\":\"EntryPoint\",\"urlTemplate\":\"https:\/\/merkson.eu\/?s={search_term_string}\"},\"query-input\":\"required name=search_term_string\"}],\"inLanguage\":\"de\"},{\"@type\":\"Organization\",\"@id\":\"https:\/\/merkson.eu\/#organization\",\"name\":\"MERKSON Sp. z o.o. Sp. K.\",\"url\":\"https:\/\/merkson.eu\/\",\"logo\":{\"@type\":\"ImageObject\",\"inLanguage\":\"de\",\"@id\":\"https:\/\/merkson.eu\/#\/schema\/logo\/image\/\",\"url\":\"https:\/\/merkson.eu\/wp-content\/uploads\/2021\/01\/transparent_1-1.png\",\"contentUrl\":\"https:\/\/merkson.eu\/wp-content\/uploads\/2021\/01\/transparent_1-1.png\",\"width\":350,\"height\":183,\"caption\":\"MERKSON Sp. z o.o. Sp. K.\"},\"image\":{\"@id\":\"https:\/\/merkson.eu\/#\/schema\/logo\/image\/\"},\"sameAs\":[\"https:\/\/www.facebook.com\/eu.Merkson\/\",\"https:\/\/www.instagram.com\/eu.merkson\/\",\"https:\/\/www.youtube.com\/channel\/UCy4qTGqmQQZhULRPm-YcXTA\"]}]}<\/script>\n<!-- \/ Yoast SEO plugin. -->","yoast_head_json":{"title":"Warenkorb | Merkson","robots":{"index":"index","follow":"follow","max-snippet":"max-snippet:-1","max-image-preview":"max-image-preview:large","max-video-preview":"max-video-preview:-1"},"canonical":"https:\/\/merkson.eu\/de\/warenkorb\/","og_locale":"de_DE","og_type":"article","og_title":"Warenkorb | Merkson","og_description":"Warenkorb einer Angebotsanfrage \u00dcber den Warenkorb k\u00f6nnen Sie eine Anfrage senden und ein Angebot f\u00fcr einen bestimmten Werkzeugkastentyp anfordern. Keine Artikel im Warenkorb Nehmen Sie bitte Kontakt mit unserer Verkaufsabteilung auf! Ihre Anfrage geht direkt an unseren Vertrieb, der Ihnen ein Angebot f\u00fcr das von Ihnen gew\u00fcnschte Sortiment unterbreitet. Products in cart Name und Vorname*&hellip;","og_url":"https:\/\/merkson.eu\/de\/warenkorb\/","og_site_name":"Merkson","article_publisher":"https:\/\/www.facebook.com\/eu.Merkson\/","article_modified_time":"2021-08-04T10:27:45+00:00","og_image":[{"width":350,"height":183,"url":"https:\/\/merkson.eu\/wp-content\/uploads\/2021\/01\/transparent_1-1.png","type":"image\/png"}],"twitter_card":"summary_large_image","schema":{"@context":"https:\/\/schema.org","@graph":[{"@type":"WebPage","@id":"https:\/\/merkson.eu\/de\/warenkorb\/","url":"https:\/\/merkson.eu\/de\/warenkorb\/","name":"Warenkorb | Merkson","isPartOf":{"@id":"https:\/\/merkson.eu\/#website"},"datePublished":"2021-02-24T10:47:12+00:00","dateModified":"2021-08-04T10:27:45+00:00","breadcrumb":{"@id":"https:\/\/merkson.eu\/de\/warenkorb\/#breadcrumb"},"inLanguage":"de","potentialAction":[{"@type":"ReadAction","target":["https:\/\/merkson.eu\/de\/warenkorb\/"]}]},{"@type":"BreadcrumbList","@id":"https:\/\/merkson.eu\/de\/warenkorb\/#breadcrumb","itemListElement":[{"@type":"ListItem","position":1,"name":"Strona g\u0142\u00f3wna","item":"https:\/\/merkson.eu\/de\/"},{"@type":"ListItem","position":2,"name":"Warenkorb"}]},{"@type":"WebSite","@id":"https:\/\/merkson.eu\/#website","url":"https:\/\/merkson.eu\/","name":"Merkson","description":"","publisher":{"@id":"https:\/\/merkson.eu\/#organization"},"potentialAction":[{"@type":"SearchAction","target":{"@type":"EntryPoint","urlTemplate":"https:\/\/merkson.eu\/?s={search_term_string}"},"query-input":"required name=search_term_string"}],"inLanguage":"de"},{"@type":"Organization","@id":"https:\/\/merkson.eu\/#organization","name":"MERKSON Sp. z o.o. Sp. K.","url":"https:\/\/merkson.eu\/","logo":{"@type":"ImageObject","inLanguage":"de","@id":"https:\/\/merkson.eu\/#\/schema\/logo\/image\/","url":"https:\/\/merkson.eu\/wp-content\/uploads\/2021\/01\/transparent_1-1.png","contentUrl":"https:\/\/merkson.eu\/wp-content\/uploads\/2021\/01\/transparent_1-1.png","width":350,"height":183,"caption":"MERKSON Sp. z o.o. Sp. K."},"image":{"@id":"https:\/\/merkson.eu\/#\/schema\/logo\/image\/"},"sameAs":["https:\/\/www.facebook.com\/eu.Merkson\/","https:\/\/www.instagram.com\/eu.merkson\/","https:\/\/www.youtube.com\/channel\/UCy4qTGqmQQZhULRPm-YcXTA"]}]}},"_links":{"self":[{"href":"https:\/\/merkson.eu\/de\/wp-json\/wp\/v2\/pages\/3145","targetHints":{"allow":["GET"]}}],"collection":[{"href":"https:\/\/merkson.eu\/de\/wp-json\/wp\/v2\/pages"}],"about":[{"href":"https:\/\/merkson.eu\/de\/wp-json\/wp\/v2\/types\/page"}],"author":[{"embeddable":true,"href":"https:\/\/merkson.eu\/de\/wp-json\/wp\/v2\/users\/1"}],"replies":[{"embeddable":true,"href":"https:\/\/merkson.eu\/de\/wp-json\/wp\/v2\/comments?post=3145"}],"version-history":[{"count":8,"href":"https:\/\/merkson.eu\/de\/wp-json\/wp\/v2\/pages\/3145\/revisions"}],"predecessor-version":[{"id":3812,"href":"https:\/\/merkson.eu\/de\/wp-json\/wp\/v2\/pages\/3145\/revisions\/3812"}],"wp:attachment":[{"href":"https:\/\/merkson.eu\/de\/wp-json\/wp\/v2\/media?parent=3145"}],"curies":[{"name":"wp","href":"https:\/\/api.w.org\/{rel}","templated":true}]}}